{"id":55,"date":"2026-02-28T16:21:21","date_gmt":"2026-02-28T16:21:21","guid":{"rendered":"https:\/\/www.autorijschoolbrijder.nl\/?page_id=55"},"modified":"2026-02-28T16:21:21","modified_gmt":"2026-02-28T16:21:21","slug":"praktijklessen","status":"publish","type":"page","link":"https:\/\/www.autorijschoolbrijder.nl\/?page_id=55","title":{"rendered":"Praktijklessen"},"content":{"rendered":"\n<p class=\"wp-block-paragraph\"><strong>Eindelijk: jouw eerste stappen richting het rijbewijs!<\/strong><br>Natuurlijk wil je dat zo snel mogelijk behalen. Maar n\u00f3g belangrijker is dat je straks veilig en met vertrouwen aan het verkeer kunt deelnemen.<\/p>\n\n\n\n<p class=\"wp-block-paragraph\">Met de <strong>RIS-opleiding (Rijopleiding In Stappen)<\/strong> leer je precies wat je moet kennen, kunnen en willen om zelfstandig en verantwoord te rijden. Je bouwt stap voor stap aan alle onderdelen van het autorijden \u2014 nu \u00e9n voor de toekomst.<\/p>\n\n\n\n<p class=\"wp-block-paragraph\">De opleiding bestaat uit overzichtelijke, kleine stappen, zogenaamde <em>scripts<\/em>, waarin precies staat wat je gaat leren. <strong>Het tempo en de volgorde worden volledig afgestemd op jouw niveau<\/strong>, zodat je rustig maar vlot doorgroeit naar een bewuste, veilige bestuurder.<\/p>\n\n\n\n<p class=\"wp-block-paragraph\">Bij de opleiding hoort een persoonlijk werkboek. Daarin vind je alle onderdelen die je gaat leren \u00e9n kun je je voortgang bijhouden. Zo zie je in \u00e9\u00e9n oogopslag wat je al beheerst, welke onderdelen herhaling nodig hebben en wat inmiddels geautomatiseerd is.<\/p>\n\n\n\n<p class=\"wp-block-paragraph\"><strong>Kortom: een gestructureerde en persoonlijke rijopleiding die jouw slaagkans \u00e9n verkeersveiligheid vergroot.<\/strong><\/p>\n\n\n\n<p class=\"wp-block-paragraph\"><\/p>\n","protected":false},"excerpt":{"rendered":"<p>Eindelijk: jouw eerste stappen richting het rijbewijs!Natuurlijk wil je dat zo snel mogelijk behalen. Maar n\u00f3g belangrijker is dat je straks veilig en met vertrouwen aan het verkeer kunt deelnemen. Met de RIS-opleiding (Rijopleiding In Stappen) leer je precies wat je moet kennen, kunnen en willen om zelfstandig en verantwoord te rijden. Je bouwt stap &#8230; <a title=\"Praktijklessen\" class=\"read-more\" href=\"https:\/\/www.autorijschoolbrijder.nl\/?page_id=55\" aria-label=\"Lees meer over Praktijklessen\">Lees verder<\/a><\/p>\n","protected":false},"author":1,"featured_media":0,"parent":0,"menu_order":0,"comment_status":"closed","ping_status":"closed","template":"","meta":{"_crdt_document":"","footnotes":""},"class_list":["post-55","page","type-page","status-publish"],"_links":{"self":[{"href":"https:\/\/www.autorijschoolbrijder.nl\/index.php?rest_route=\/wp\/v2\/pages\/55","targetHints":{"allow":["GET"]}}],"collection":[{"href":"https:\/\/www.autorijschoolbrijder.nl\/index.php?rest_route=\/wp\/v2\/pages"}],"about":[{"href":"https:\/\/www.autorijschoolbrijder.nl\/index.php?rest_route=\/wp\/v2\/types\/page"}],"author":[{"embeddable":true,"href":"https:\/\/www.autorijschoolbrijder.nl\/index.php?rest_route=\/wp\/v2\/users\/1"}],"replies":[{"embeddable":true,"href":"https:\/\/www.autorijschoolbrijder.nl\/index.php?rest_route=%2Fwp%2Fv2%2Fcomments&post=55"}],"version-history":[{"count":1,"href":"https:\/\/www.autorijschoolbrijder.nl\/index.php?rest_route=\/wp\/v2\/pages\/55\/revisions"}],"predecessor-version":[{"id":56,"href":"https:\/\/www.autorijschoolbrijder.nl\/index.php?rest_route=\/wp\/v2\/pages\/55\/revisions\/56"}],"wp:attachment":[{"href":"https:\/\/www.autorijschoolbrijder.nl\/index.php?rest_route=%2Fwp%2Fv2%2Fmedia&parent=55"}],"curies":[{"name":"wp","href":"https:\/\/api.w.org\/{rel}","templated":true}]}}